{"id":5929,"date":"2025-07-31T23:46:44","date_gmt":"2025-07-31T21:46:44","guid":{"rendered":"https:\/\/urban-art-shop.com\/?page_id=5929"},"modified":"2025-08-01T07:46:49","modified_gmt":"2025-08-01T05:46:49","slug":"terms-conditions","status":"publish","type":"page","link":"https:\/\/urban-art-shop.com\/en\/terms-conditions\/","title":{"rendered":"Terms &amp; Conditions"},"content":{"rendered":"\t\t<div data-elementor-type=\"wp-page\" data-elementor-id=\"5929\" class=\"elementor elementor-5929 elementor-5606\">\n\t\t\t\t<div class=\"elementor-element elementor-element-69a8c2c e-flex e-con-boxed qodef-elementor-content-no e-con e-parent\" data-id=\"69a8c2c\" data-element_type=\"container\" data-e-type=\"container\">\n\t\t\t\t\t<div class=\"e-con-inner\">\n\t\t\t\t<div class=\"elementor-element elementor-element-f5e9423 elementor-widget elementor-widget-text-editor\" data-id=\"f5e9423\" data-element_type=\"widget\" data-e-type=\"widget\" data-widget_type=\"text-editor.default\">\n\t\t\t\t<div class=\"elementor-widget-container\">\n\t\t\t\t\t\t\t\t\t<h2>Allgemeine Gesch\u00e4ftsbedingungen und Widerrufsbelehrung<\/h2><h2>Anbieter<\/h2><p>URBAN ART GALLERY, Pedro Anacker, Carrer del Centre 6 a, 07650 Santanyi, Mallorca, Spain<\/p><h3>B\u00fcroadresse:<\/h3><p>Pedro Anacker, Eppendorfer Baum 5, 20249 Hamburg, Germany<br \/>Mail: <a href=\"mailto:whitesharkwatching@gmail.com\">whitesharkwatching@gmail.com<\/a><\/p><p>Im Folgenden \u201ewir\/uns\u201c genannt.<\/p><h2>\u00a71 Allgemeines<\/h2><ol><li>Wir betreiben im Internet eine Verkaufsplattform f\u00fcr Kunstdrucke, Kunstwerke und andere Produkte. Als Betreiber und Inhaber dieser Plattform sind wir auch der Vertragspartner der Personen, die Waren \u00fcber diese Plattform beziehen wollen.<\/li><li>S\u00e4mtliche Vertragsbeziehungen zwischen uns und unseren Kunden unterliegen ausschlie\u00dflich diesen Bedingungen. Abweichende Gesch\u00e4ftsbedingungen der Kunden finden keine Anwendung. Mit der Erteilung des Auftrages werden diese AGB vom Kunden anerkannt. Es gilt stets die zum Zeitpunkt der Bestellung g\u00fcltige Fassung dieser Bedingungen. Alle Nebenabreden bed\u00fcrfen der Schriftform.<\/li><li>Der Kunde ist verpflichtet, die im Bestellformular geforderten Angaben (Name, Anschrift etc.) wahrheitsgem\u00e4\u00df und vollst\u00e4ndig zu machen. Aus der Unrichtigkeit der Angaben resultierende Sch\u00e4den hat der Kunde zu ersetzen.<\/li><li>Die Gesch\u00e4ftsbeziehungen zwischen uns und den Kunden unterliegen dem Recht der Bundesrepublik Deutschland unter Ausschluss des UN-Kaufrechts. Erf\u00fcllungsort und Gerichtsstand ist Hamburg, soweit der Kunde Kaufmann oder eine juristische Person des \u00f6ffentlichen Rechts oder \u00f6ffentlich-rechtliches Sonderverm\u00f6gen ist.<\/li><\/ol><h2>\u00a72 Vertragsschluss<\/h2><ol><li>Die von uns im Internet oder in anderen Medien gezeigten Kunstdrucke und Kunstwerke, sowie alle sonstigen Produkte stellen kein Verkaufsangebot dar, sondern lediglich eine Aufforderung an den Kunden, selbst einen Kaufantrag abzugeben. Kaufantr\u00e4ge k\u00f6nnen mittels der durch uns zur Verf\u00fcgung gestellten Bestellformulare online abgegeben werden. Wir werden den Eingang Deiner Bestellung unverz\u00fcglich per E-Mail best\u00e4tigen; dies stellt jedoch noch nicht die Annahme Deines Angebotes dar. Der Antrag des Kunden gilt erst durch unmittelbare Lieferung, d.h. die \u00dcbergabe der Ware an Spediteur\/ Frachtf\u00fchrer\/ Post, als angenommen.<\/li><li>Kaufantr\u00e4ge des Kunden werden nur zu den jeweils g\u00fcltigen Preisen und Konditionen angenommen. Alle Preise verstehen sich, sofern nicht anders ausgewiesen, inkl. der gesetzlichen Mehrwertsteuer. S\u00e4mtliche m\u00fcndlich oder schriftlich ver\u00f6ffentlichten Preise sind unverbindlich. Irrt\u00fcmer bleiben vorbehalten. Die f\u00fcr Kunstwerke und sonstige Waren angegebenen Preise verstehen sich zuz\u00fcglich der Versand- und Verpackungskosten, die wir Dir sp\u00e4testens vor Abgabe der Bestellung bekannt gegeben haben.<\/li><li>Bei Bestellungen aus dem Ausland, insb. dem au\u00dfereurop\u00e4ischen Ausland, k\u00f6nnen zus\u00e4tzliche Z\u00f6lle, Steuern, Geb\u00fchren und \u00e4hnliche Kosten anfallen, die nicht Teil der ausgewiesenen Preise und von Dir zu tragen sind. Bitte informiere Dich entsprechend, z.B. bei den lokalen Zollbeh\u00f6rden.<\/li><li>Sollte ein Kunstwerk nicht lieferbar sein, besteht kein Lieferanspruch. Sollten ein oder mehrere Produkte nicht lieferbar sein, so werden wir Dich hier\u00fcber schnellstm\u00f6glich informieren. Solltest Du die Ware bereits bezahlt haben, so wird Dir der entsprechende Betrag zur\u00fcckerstattet.<\/li><li>Werke, die als lieferbar gekennzeichnet sind, werden innerhalb weniger Tage abgesendet, in den meisten F\u00e4llen binnen drei Werktagen. Sollten zwischen Deiner Bestellung und der Lieferung mehr als 10 Werktage vergehen, pr\u00fcfe bitte den Status auf unserer Website und sende uns ggf. eine eMail.<\/li><li>Wir behalten uns die Annahme Deines Angebotes zum Abschluss eines Kaufvertrages stets vor. Insbesondere haben wir das Recht, Dein Angebot nur teilweise auszuf\u00fchren, d.h. von Deiner Bestellmenge in Hinsicht auf die Anzahl der Kunstwerke und sonstigen Waren nach unten abzuweichen. Wir behalten uns vor, Auftr\u00e4ge abzulehnen, falls bei der Auftragsabwicklung Rechte Dritter verletzt oder gegen Gesetze versto\u00dfen w\u00fcrde.<\/li><\/ol><h2>\u00a73 R\u00fcckgabe<\/h2><ol><li>Verbraucher i.S.d. BGB mit Wohnsitz innerhalb der Staaten der Europ\u00e4ischen Union haben bei Fernabsatzvertr\u00e4gen das Recht, den Vertrag zu widerrufen. F\u00fcr Kunden au\u00dferhalb dieser Staaten besteht dieses R\u00fcckgaberecht im Sinne der folgenden Regelungen nicht.<\/li><li>Von der R\u00fcckgabe ausgeschlossen sind Sonderanfertigungen, insbesondere Individualdrucke, Kunstreproduktionen (Kunstkopien), Fotoprints (Fotodrucke), individuelle Kunstkarten und gerahmte Bilder. Kein Widerrufsrecht besteht ebenfalls, wenn Du die bei uns gekauften Produkte zum Zwecke einer gewerblichen oder selbst\u00e4ndigen beruflichen T\u00e4tigkeit erworben hast.<\/li><li>Kannst Du uns die empfangene Ware nicht oder teilweise nicht oder nur in verschlechtertem Zustand herausgeben, musst Du uns insoweit Wertersatz leisten. Siehe hierzu auch den Abschnitt \u201esachgem\u00e4\u00dfe Behandlung (\u00a76). Du musst f\u00fcr einen etwaigen Wertverlust der Waren nur aufkommen, wenn dieser Wertverlust auf einen zur Pr\u00fcfung der Beschaffenheit, Eigenschaften und Funktionsweise der Waren nicht notwendigen Umgang mit ihnen zur\u00fcckzuf\u00fchren ist.<\/li><li>Du kannst die Wertersatzpflicht vermeiden, indem Du die Ware nicht wie ein Eigent\u00fcmer in Gebrauch nimmst und alles unterl\u00e4sst, was deren Wert beeintr\u00e4chtigt. Dies sind bei Kaschierungen, Papierbeschichtungen und Rahmen insbesondere Kratzer, Flecken, Br\u00fcche, L\u00f6cher oder aufgebrachte Klebestreifen, die s\u00e4mtlich einem Totalverlust gleichkommen. Waren sind zum Schutz nur in der originalen Spezialverpackung des Hinweges unter Verwendung aller Schutzmaterialien zur\u00fcck zu senden.<\/li><\/ol><h2>Widerrufsbelehrung<\/h2><p><em>&#8211; &#8211; &#8211; Beginn der Widerrufsbelehrung &#8211; &#8211; &#8211;<\/em><\/p><h3>Widerrufsrecht<\/h3><ol><li>Du hast das Recht, binnen vierzehn Tagen ohne Angabe von Gr\u00fcnden diesen Vertrag zu widerrufen. Die Widerrufsfrist betr\u00e4gt vierzehn Tage ab dem Tag an dem Du oder ein von Dir benannter Dritter, der nicht der Bef\u00f6rderer ist, die letzte Ware in Besitz genommen haben bzw. hat.<\/li><li>Um Dein Widerrufsrecht auszu\u00fcben, musst Du uns Urban Art Gallery, Inhaber Pedro Anacker, Eppendorfer Baum 5 20249 Hamburg, Mail: <a href=\"mailto:whitesharkwatching@gmail.com\">whitesharkwatching@gmail.com<\/a> mittels einer eindeutigen Erkl\u00e4rung (z.B. ein mit der Post versandter Brief oder E-Mail) \u00fcber Deinen Entschluss, diesen Vertrag zu widerrufen, informieren. Du kannst daf\u00fcr das beigef\u00fcgte Muster-Widerrufsformular verwenden, das jedoch nicht vorgeschrieben ist.<\/li><li>Zur Wahrung der Widerrufsfrist reicht es aus, dass Du die Mitteilung \u00fcber die Aus\u00fcbung des Widerrufsrechts vor Ablauf der Widerrufsfrist absendest.<\/li><\/ol><h3>Widerrufsfolgen<\/h3><ol><li>Wenn Du diesen Vertrag widerrufst, haben wir Dir alle Zahlungen, die wir von Dir erhalten haben, einschlie\u00dflich der Lieferkosten (mit Ausnahme der zus\u00e4tzlichen Kosten, die sich daraus ergeben, dass Du eine andere Art der Lieferung als die von uns angebotene, g\u00fcnstigste Standardlieferung gew\u00e4hlt hast), unverz\u00fcglich und sp\u00e4testens binnen vierzehn Tagen ab dem Tag zur\u00fcckzuzahlen, an dem die Mitteilung \u00fcber Deinen Widerruf dieses Vertrags bei uns eingegangen ist. F\u00fcr diese R\u00fcckzahlung verwenden wir dasselbe Zahlungsmittel, das Du bei der urspr\u00fcnglichen Transaktion eingesetzt hast, es sei denn, mit Dir wurde ausdr\u00fccklich etwas anderes vereinbart; in keinem Fall werden Dir wegen dieser R\u00fcckzahlung Entgelte berechnet. Wir k\u00f6nnen die R\u00fcckzahlung verweigern, bis wir die Waren wieder zur\u00fcckerhalten haben oder bis Du den Nachweis erbracht hast, dass Du die Waren zur\u00fcckgesandt hast, je nachdem, welches der fr\u00fchere Zeitpunkt ist.<\/li><li>Du hast die Waren unverz\u00fcglich und in jedem Fall sp\u00e4testens binnen vierzehn Tagen ab dem Tag, an dem Du uns \u00fcber den Widerruf dieses Vertrags unterrichtest, an uns zur\u00fcckzusenden oder zu \u00fcbergeben. Die Frist ist gewahrt, wenn Du die Waren vor Ablauf der Frist von vierzehn Tagen absendest.<\/li><li>Du tr\u00e4gst die unmittelbaren Kosten der R\u00fccksendung der Waren. Du musst f\u00fcr einen etwaigen Wertverlust der Waren nur aufkommen, wenn dieser Wertverlust auf einen zur Pr\u00fcfung der Beschaffenheit, Eigenschaften und Funktionsweise der Waren nicht notwendigen Umgang mit ihnen zur\u00fcckzuf\u00fchren ist.<\/li><\/ol><p><em>&#8211; &#8211; &#8211; Ende der Widerrufsbelehrung &#8211; &#8211; &#8211;<\/em><\/p><h2>\u00a74 Zahlung und Lieferung<\/h2><ol><li>Sofern nicht anders vereinbart, erfolgt nach Vorkasse die Lieferung ab unserem Lager mit einem markt\u00fcblichen Paketdienstleister an die von Dir angegebene (Liefer-)Adresse. Angaben \u00fcber die Lieferfrist sind unverbindlich, soweit nicht ausnahmsweise der Liefertermin verbindlich zugesagt wurde.<\/li><li>Die Zahlung des Kaufpreises erfolgt unmittelbar nach Kaufantrag \u00fcber den Dienstleister Paypal. Die zum Zahlungstransfer auf das PayPal-Konto von uns erforderlichen Informationen werden w\u00e4hrend des Bestellvorgangs \u00fcbermittelt. Der Anbieter ist PayPal (Anschrift: PayPal (Europe) S.\u00e0 r.l. et Cie, S.C.A., 22-24 Boulevard Royal, L-2449 Luxembourg). Grundlage f\u00fcr die Vertragsbeziehungen zwischen PayPal und seinen Kunden sind ausschlie\u00dflich die Nutzungsbedingungen von PayPal. Alternativ kann die Zahlung per Vorkasse auf unser Bankkonto erfolgen.<\/li><li>F\u00fcr den Fall, dass es zu einer Zahlungsr\u00fcckgabe kommt, k\u00f6nnen wir eine Bearbeitungsgeb\u00fchr in H\u00f6he von EUR 15,00 vom Kunden verlangen. Kommt der Kunde in Zahlungsverzug, so sind wir berechtigt, Verzugszinsen in H\u00f6he von 5 % \u00fcber dem von der EZB jeweils bekannt gegebenen Basiszinssatz p.a. und pauschal EUR 7,50 je Mahnung mit Ausnahme der Erstmahnung zu fordern. Falls uns ein h\u00f6herer Verzugsschaden nachweisbar entstanden ist, sind wir berechtigt, diesen geltend zu machen. Der Kunde kann in den o.g. F\u00e4llen nachweisen, dass uns ein Schaden \u00fcberhaupt nicht entstanden ist oder aber dass dieser niedriger als die o.g. Pauschalen ist.<\/li><li>Lieferverzug durch uns berechtigt den Kunden nicht zu Schadensersatzanspr\u00fcchen, es sei denn, der Lieferverzug wurde durch uns mit Vorsatz oder grober Fahrl\u00e4ssigkeit verursacht. Ein R\u00fccktrittsrecht des Kunden bleibt unber\u00fchrt.<\/li><\/ol><h2>\u00a75 Transportsch\u00e4den<\/h2><ol><li>Der Kunde hat die Ware unverz\u00fcglich auf Sch\u00e4den zu \u00fcberpr\u00fcfen und dem Spediteur \/ Paketboten gegen\u00fcber vor deren Annahme zu r\u00fcgen und sich sofort in geeigneter Weise bescheinigen zu lassen. Die Bef\u00f6rderungsunternehmen sind hierzu verpflichtet.<\/li><li>Sollten offensichtliche Sch\u00e4den vorhanden sein und erst nach Annahme bemerkt werden, so hat der Kunde dies uns gegen\u00fcber innerhalb einer Frist von 5 Tagen nach Annahme zu r\u00fcgen. Unterl\u00e4sst der K\u00e4ufer dies, so ist die Geltendmachung von M\u00e4ngelr\u00fcgen f\u00fcr solche offensichtlichen Sch\u00e4den ausgeschlossen. Bei \u00e4u\u00dferlich nicht erkennbaren Sch\u00e4den, M\u00e4ngeln oder Gewichtsminderungen am Inhalt, die sich zeigen, ist sofort mit dem weiteren Auspacken aufzuh\u00f6ren. Das Transportunternehmen ist umgehend schriftlich haftbar zu machen und zur Feststellung des Schadens aufzufordern. Schl\u00e4gt dieses fehl, kann der Kunde mindern oder wandeln.<\/li><li>In allen F\u00e4llen sind Ware und Verpackung bis zur Aufnahme des Tatbestandes durch den Beauftragten des Transportunternehmens in dem Zustand zu belassen, in dem sie sich bei der Entdeckung des Schadens befinden.<\/li><\/ol><h2>\u00a76 Gew\u00e4hrleistung, sachgem\u00e4\u00dfe Behandlung<\/h2><ol><li>Unsere Drucke, Kaschierungen und Rahmen sind mangelhaft, wenn sie trotz sorgf\u00e4ltiger Produktion mit hochwertigen Materialien, nicht dem angebotenen technischen Standard entsprechen. Bei unerheblichen M\u00e4ngeln bestehen jedoch keine Gew\u00e4hrleistungsanspr\u00fcche des Kunden.<\/li><li>Wir \u00fcbernehmen keine Gew\u00e4hr f\u00fcr geringf\u00fcgige Abweichungen der gelieferten Ware von der Gezeigten. Bei Kunstdrucken, Grafiken und anderen Druckerzeugnissen sind geringf\u00fcgige Abweichungen im Farbton gegen\u00fcber Mustern, im Format und in der Papier-, Stoff- und Oberfl\u00e4chenqualit\u00e4t fabrikations- bzw. drucktechnisch nicht v\u00f6llig vermeidbar. Des Weiteren k\u00f6nnen Abweichungen im Vorhandensein bzw. der Abmessungen eines Bildrandes oder einer Bildunterschrift vorkommen. Derartige Abweichungen berechtigen nicht zur M\u00e4ngelr\u00fcge. Farbliche Differenzen, Bildbeschnitt oder Farbverschiebungen zwischen den Bildern und Drucken und den Originalen sind ebenfalls keine M\u00e4ngel.<\/li><li>Bei vom K\u00fcnstler signierten Werken, sind in diesem Zusammenhang entstandene Ver\u00e4nderungen, auch kleinere Kratzer, Flecken oder andere Besch\u00e4digungen, Bestandteil des Produkts als Unikat und stellen keine M\u00e4ngel dar.<\/li><li>Drucke, Kaschierungen und Rahmen d\u00fcrfen weder ganz noch in Teilen direkter Sonneneinstrahlung ausgesetzt werden, nicht unmittelbar \u00fcber Heizungen geh\u00e4ngt werden und nicht einer das Niveau normaler Wohnr\u00e4ume \u00fcbersteigenden Luftfeuchtigkeit ausgesetzt werden. Wir weisen ausdr\u00fccklich darauf hin, dass die von uns angebotenen Drucke nicht wasserfest sind und von Umwelteinfl\u00fcssen abh\u00e4ngig sind, ihre Anmutung und Farbigkeit sich ver\u00e4ndern und ausbleichen kann. F\u00fcr diesen unab\u00e4nderlichen Ver\u00e4nderungsprozess \u00fcbernehmen wir keine Gew\u00e4hrleistung.<\/li><li>Drucke, Kaschierungen und Rahmen sind insb. f\u00fcr den Au\u00dfenraum, Kellerr\u00e4ume, B\u00e4der und K\u00fcchen nicht geeignet. Drucke, Kaschierungen und Rahmen sind sehr kratz- und fleckempfindlich und d\u00fcrfen daher nur mit Handschuhen oder einem vergleichbaren Schutz angefasst werden.<\/li><li>Ausgenommen von der Gew\u00e4hrleistung sind alle Sch\u00e4den, die auf nat\u00fcrlichen Verschlei\u00df, auf unsachgem\u00e4\u00dfen Gebrauch und auf mangelnde oder falsche Pflege oder Lagerung zur\u00fcckzuf\u00fchren sind. Dies gilt auch f\u00fcr Sch\u00e4den durch nicht sachgem\u00e4\u00dfe Verpackung von R\u00fccksendungen.<\/li><li>Ansonsten gilt f\u00fcr Verbraucher innerhalb der Europ\u00e4ischen Union die gesetzliche Gew\u00e4hrleistung und beginnt mit \u00dcbergabe der Ware. Im Gew\u00e4hrleistungsfall steht dem Kunden zun\u00e4chst ein Anspruch auf Nacherf\u00fcllung bzw. Nachbesserung zu. Ist uns die Nacherf\u00fcllung bzw. Nachbesserung unm\u00f6glich (z.B. durch eine vergriffene Edition) oder verz\u00f6gert sich diese \u00fcber angemessene Fristen hinaus aus Gr\u00fcnden, die wir nicht zu vertreten haben, oder schl\u00e4gt sie aus sonstigen Gr\u00fcnden fehl bzw. ist diese nicht zumutbar, so besteht die Berechtigung des Kunden, entweder vom Vertrag zur\u00fcckzutreten oder eine entsprechende Herabsetzung des Kaufpreises (Minderung) zu verlangen. M\u00e4ngel eines Teils der gelieferten Ware berechtigen nicht zur Beanstandung der gesamten Lieferung.<\/li><li>Der Kunde kann offensichtliche M\u00e4ngel an den gelieferten Waren nur geltend machen, wenn er diese innerhalb von zwei Wochen nach Lieferung unter genauer Beschreibung schriftlich oder per eMail uns gegen\u00fcber r\u00fcgt. Ma\u00dfgeblich ist die Absendung der M\u00e4ngelr\u00fcge. Eine sp\u00e4tere Geltendmachung ist ausgeschlossen. Soweit an dem Vertrag nur Kaufleute beteiligt sind, gelten erg\u00e4nzend die \u00a7\u00a7 377 ff. HGB. M\u00e4ngel, die keine offensichtlichen M\u00e4ngel sind, sind innerhalb der gesetzlichen Gew\u00e4hrleistungsfrist unter genauer Beschreibung schriftlich oder per eMail gegen\u00fcber uns zu r\u00fcgen.<\/li><\/ol><h2>\u00a77 Eigentumsvorbehalt, Aufrechnung, Zur\u00fcckbehaltungsrecht<\/h2><ol><li>Bei Verbrauchern i.S.d. BGB behalten wir uns das Eigentum an der Kaufsache bis zur vollst\u00e4ndigen Zahlung des Rechnungsbetrags vor. Ist der Kunde Unternehmer in Aus\u00fcbung seiner gewerblichen oder selbst\u00e4ndigen beruflichen T\u00e4tigkeit, eine juristische Person des \u00f6ffentlichen Rechts oder \u00f6ffentlich- rechtliches Sonderverm\u00f6gen, behalten wir uns das Eigentum an der Kaufsache bis zum Ausgleich aller noch offenen Forderungen aus der Gesch\u00e4ftsverbindung mit dem Besteller vor. Die entsprechenden Sicherungsrechte sind auf Dritte \u00fcbertragbar.<\/li><li>Ein Recht zur Aufrechnung steht dem Kunden nur zu, wenn seine Gegenanspr\u00fcche rechtskr\u00e4ftig festgestellt oder von uns unbestritten oder anerkannt sind. Au\u00dferdem hat er ein Zur\u00fcckbehaltungsrecht nur, wenn und soweit sein Gegenanspruch auf dem gleichen Vertragsverh\u00e4ltnis beruht. Befindet sich der Kunde uns gegen\u00fcber mit irgendwelchen Zahlungsverpflichtungen im Verzug, so werden s\u00e4mtliche bestehende Forderungen sofort f\u00e4llig. Leistet der Kunde bei vertragswidrigem Verhalten, insbesondere Zahlungsverzug, nach Mahnung nicht sofort Zahlung, so hat er die Eigentumsvorbehaltsware herauszugeben. Die R\u00fccknahmekosten tr\u00e4gt der Kunde.<\/li><\/ol><h2>\u00a78 Urheberrecht<\/h2><ol><li>Die in unseren Publikationen gezeigten Abbildungen und von uns vertriebenen Produkte sind weltweit urheberrechtlich gesch\u00fctzt. Der Kunde ist nicht berechtigt, die Ware selbst oder durch Dritte herzustellen, zu vervielf\u00e4ltigen. Hierzu bedarf es einer ausdr\u00fccklichen Genehmigung in Form von \u00dcbertragung von Nutzungsrechten seitens des jeweiligen K\u00fcnstlers. Zuwiderhandlungen werden strafrechtlich verfolgt.<\/li><\/ol><h2>\u00a79 Haftung<\/h2><ol><li>Wir haften nur, wenn wir oder einer unserer Erf\u00fcllungsgehilfen eine wesentliche Vertragspflicht (Kardinalpflicht) in einer den Vertragszweck gef\u00e4hrdenden Weise verletzt hat oder der Schaden auf grober Fahrl\u00e4ssigkeit oder Vorsatz von uns oder einer unserer Erf\u00fcllungsgehilfen zur\u00fcckzuf\u00fchren ist. Sofern dies nicht grob fahrl\u00e4ssig oder vors\u00e4tzlich erfolgt, ist die Haftung von uns auf den Schaden beschr\u00e4nkt, der bei Vertragsschluss vern\u00fcnftigerweise voraussehbar war. Die Haftung wegen zugesicherter Beschaffenheit, bei Personensch\u00e4den sowie aufgrund zwingender gesetzlicher Vorschriften, insbesondere dem Produkthaftungsgesetz, bleibt unber\u00fchrt.<\/li><\/ol><h2>\u00a710 Datenschutz<\/h2><ol><li>Dem Kunden ist bekannt und er willigt darin ein, dass die zur Abwicklung des Auftrags erforderlichen pers\u00f6nlichen Daten von uns auf Datentr\u00e4gern gespeichert werden. Der Kunde stimmt der Erhebung, Verarbeitung und Nutzung seiner personenbezogenen Daten ausdr\u00fccklich zu. Die gespeicherten pers\u00f6nlichen Daten werden von uns selbstverst\u00e4ndlich vertraulich behandelt. Die Erhebung, Verarbeitung und Nutzung der personenbezogenen Daten des Kunden erfolgt unter Beachtung des Bundesdatenschutzgesetzes (BDSG), des Teledienstdatenschutzgesetzes (TDDSG) und der Datenschutzerkl\u00e4rung.<\/li><li>Dem Kunden steht das Recht zu, seine Einwilligung jederzeit mit Wirkung f\u00fcr die Zukunft zu widerrufen. Wir sind in diesem Fall zur sofortigen L\u00f6schung der pers\u00f6nlichen Daten des Kunden verpflichtet.<\/li><\/ol><h2>\u00a711 Schlussbestimmungen\/Salvatorische Klausel<\/h2><ol><li>Sollte eine Bestimmung in diesen Gesch\u00e4ftsbedingungen oder eine Bestimmung im Rahmen sonstiger Vereinbarungen unwirksam sein oder werden, so wird hiervon die Wirksamkeit aller sonstigen Bestimmungen oder Vereinbarungen nicht ber\u00fchrt. An Stelle einer ganz oder teilweise unwirksamen oder nichtigen Klausel wird bereits jetzt eine Regelung, deren wirtschaftlicher Erfolg dem der Bestimmung am n\u00e4chsten kommt.<\/li><\/ol>\t\t\t\t\t\t\t\t<\/div>\n\t\t\t\t<\/div>\n\t\t\t\t<div class=\"elementor-element elementor-element-2559327 elementor-widget elementor-widget-text-editor\" data-id=\"2559327\" data-element_type=\"widget\" data-e-type=\"widget\" data-widget_type=\"text-editor.default\">\n\t\t\t\t<div class=\"elementor-widget-container\">\n\t\t\t\t\t\t\t\t\t<h2>Muster-Widerrufsformular<\/h2><p>(Wenn Du den Vertrag widerrufen willst, dann f\u00fclle bitte dieses Formular aus und sende es zur\u00fcck.)<\/p><ul><li>An \u201eUrban Art Gallery\u201c Inhaber Pedro Anacker Eppendorfer Baum 5 20249 Hamburg, Mail: <a href=\"mailto:whitesharkwatching@gmail.com\">whitesharkwatching@gmail.com<\/a><\/li><li>Hiermit widerrufe(n) ich\/wir (*) den von mir\/uns (*) abgeschlossenen Vertrag \u00fcber den Kauf der folgenden Waren (*)\/ die Erbringung der folgenden Dienstleistung (*)<\/li><li>Bestellt am (*)\/erhalten am (*)<\/li><li>Name des\/der Verbraucher(s)<\/li><li>Anschrift des\/der Verbraucher(s)<\/li><li>Unterschrift des\/der Verbraucher(s) (nur bei Mitteilung auf Papier)<\/li><li>Datum<\/li><\/ul><p>(*) Unzutreffendes streichen.<\/p>\t\t\t\t\t\t\t\t<\/div>\n\t\t\t\t<\/div>\n\t\t\t\t\t<\/div>\n\t\t\t\t<\/div>\n\t\t\t\t<\/div>\n\t\t","protected":false},"excerpt":{"rendered":"<p>Allgemeine Gesch\u00e4ftsbedingungen und Widerrufsbelehrung Anbieter URBAN ART GALLERY, Pedro Anacker, Carrer del Centre 6 a, 07650 Santanyi, Mallorca, Spain B\u00fcroadresse: Pedro Anacker, Eppendorfer Baum 5, 20249 Hamburg, GermanyMail: whitesharkwatching@gmail.com Im Folgenden \u201ewir\/uns\u201c genannt. \u00a71 Allgemeines Wir betreiben im Internet eine Verkaufsplattform f\u00fcr Kunstdrucke, Kunstwerke und andere Produkte. Als Betreiber und Inhaber dieser Plattform sind wir [&hellip;]<\/p>\n","protected":false},"author":1,"featured_media":0,"parent":0,"menu_order":0,"comment_status":"closed","ping_status":"closed","template":"","meta":{"footnotes":""},"class_list":["post-5929","page","type-page","status-publish","hentry"],"_links":{"self":[{"href":"https:\/\/urban-art-shop.com\/en\/wp-json\/wp\/v2\/pages\/5929","targetHints":{"allow":["GET"]}}],"collection":[{"href":"https:\/\/urban-art-shop.com\/en\/wp-json\/wp\/v2\/pages"}],"about":[{"href":"https:\/\/urban-art-shop.com\/en\/wp-json\/wp\/v2\/types\/page"}],"author":[{"embeddable":true,"href":"https:\/\/urban-art-shop.com\/en\/wp-json\/wp\/v2\/users\/1"}],"replies":[{"embeddable":true,"href":"https:\/\/urban-art-shop.com\/en\/wp-json\/wp\/v2\/comments?post=5929"}],"version-history":[{"count":4,"href":"https:\/\/urban-art-shop.com\/en\/wp-json\/wp\/v2\/pages\/5929\/revisions"}],"predecessor-version":[{"id":5933,"href":"https:\/\/urban-art-shop.com\/en\/wp-json\/wp\/v2\/pages\/5929\/revisions\/5933"}],"wp:attachment":[{"href":"https:\/\/urban-art-shop.com\/en\/wp-json\/wp\/v2\/media?parent=5929"}],"curies":[{"name":"wp","href":"https:\/\/api.w.org\/{rel}","templated":true}]}}