{"id":5934,"date":"2025-04-30T17:07:40","date_gmt":"2025-04-30T15:07:40","guid":{"rendered":"https:\/\/urban-art-shop.com\/?page_id=5934"},"modified":"2025-08-01T07:52:51","modified_gmt":"2025-08-01T05:52:51","slug":"disclaimer","status":"publish","type":"page","link":"https:\/\/urban-art-shop.com\/en\/disclaimer\/","title":{"rendered":"Disclaimer"},"content":{"rendered":"\t\t<div data-elementor-type=\"wp-page\" data-elementor-id=\"5934\" class=\"elementor elementor-5934 elementor-3\">\n\t\t\t\t<div class=\"elementor-element elementor-element-04b345b e-flex e-con-boxed qodef-elementor-content-no e-con e-parent\" data-id=\"04b345b\" data-element_type=\"container\" data-e-type=\"container\">\n\t\t\t\t\t<div class=\"e-con-inner\">\n\t\t\t\t<div class=\"elementor-element elementor-element-6156c73 elementor-widget elementor-widget-text-editor\" data-id=\"6156c73\" data-element_type=\"widget\" data-e-type=\"widget\" data-widget_type=\"text-editor.default\">\n\t\t\t\t<div class=\"elementor-widget-container\">\n\t\t\t\t\t\t\t\t\t<h2>Erkl\u00e4rung<\/h2><p>Die Nutzung unserer Webseite ist in der Regel ohne Angabe personenbezogener Daten m\u00f6glich. Soweit auf unseren Seiten personenbezogene Daten (beispielsweise im Rahmen einer Bestellung: Name, Anschrift oder eMail-Adressen) erhoben werden, erfolgt dies, soweit m\u00f6glich, stets auf freiwilliger Basis. Diese Daten werden ohne Ihre ausdr\u00fcckliche Zustimmung in keinem Fall z.B. an nicht an\u00a0der Abwicklung Ihrer Bestellung beteiligte Dritte oder den K\u00fcnstler weitergegeben und ausschlie\u00dflich zur Abwicklung Ihrer Bestellung sowie\u00a0f\u00fcr buchhalterische Zwecke verwendet.<\/p><p>Eine Zahlung erfolgt\u00a0mit Hilfe des Dienstleisters <strong>PayPal<\/strong> (Europe) S.\u00e0 r.l. et Cie, S.C.A. 22-24 Boulevard Royal, L-2449 Luxembourg. Um die Bezahlung mit Hilfe von PayPal abschlie\u00dfen zu k\u00f6nnen, \u00fcbermitteln wir Ihre Rechnungsdaten und den zu zahlenden Betrag an PayPal. PayPal erhebt, speichert und verarbeitet im Rahmen des Zahlungsvorganges weitere Daten von Ihnen. PayPal ist hinsichtlich dieser Daten allein verantwortlich. Es gelten insofern die Datenschutzbestimmungen (PayPal-Datenschutzgrunds\u00e4tze) von PayPal. N\u00e4here Informationen zu den PayPal-Datenschutzgrunds\u00e4tzen finden Sie unter <a href=\"https:\/\/www.paypal.com\/de\/webapps\/mpp\/ua\/privacy-full\" target=\"_blank\" rel=\"noopener\">https:\/\/www.paypal.com\/de\/webapps\/mpp\/ua\/privacy-full<\/a>.<\/p><p>Wir weisen darauf hin, dass die Daten\u00fcbertragung im Internet (z.B. bei der Kommunikation per E-Mail) Sicherheitsl\u00fccken aufweisen kann. Ein l\u00fcckenloser Schutz der Daten vor dem Zugriff durch Dritte ist nicht m\u00f6glich.<br \/>Der Nutzung von im Rahmen der Impressumspflicht ver\u00f6ffentlichten Kontaktdaten durch Dritte zur \u00dcbersendung von nicht ausdr\u00fccklich angeforderter Werbung und Informationsmaterialien wird hiermit ausdr\u00fccklich widersprochen. Die Betreiber der Seiten behalten sich ausdr\u00fccklich rechtliche Schritte im Falle der unverlangten Zusendung von Werbeinformationen, etwa durch Spam-Mails, vor.<\/p><h2>Datenschutzerkl\u00e4rung f\u00fcr die Nutzung von Google Analytics<\/h2><p>Diese Website benutzt Google Analytics, einen Webanalysedienst der Google Inc. (\u201eGoogle\u201c). Google Analytics verwendet sog. \u201eCookies\u201c, Textdateien, die auf Ihrem Computer gespeichert werden und die eine Analyse der Benutzung der Website durch Sie erm\u00f6glichen. Die durch den Cookie erzeugten Informationen \u00fcber Ihre Benutzung dieser Website werden in der Regel an einen Server von Google in den USA \u00fcbertragen und dort gespeichert. Im Falle der Aktivierung der IP-Anonymisierung auf dieser Webseite wird Ihre IP-Adresse von Google jedoch innerhalb von Mitgliedstaaten der Europ\u00e4ischen Union oder in anderen Vertragsstaaten des Abkommens \u00fcber den Europ\u00e4ischen Wirtschaftsraum zuvor gek\u00fcrzt.<br \/>Nur in Ausnahmef\u00e4llen wird die volle IP-Adresse an einen Server von Google in den USA \u00fcbertragen und dort gek\u00fcrzt. Im Auftrag des Betreibers dieser Website wird Google diese Informationen benutzen, um Ihre Nutzung der Website auszuwerten, um Reports \u00fcber die Websiteaktivit\u00e4ten zusammenzustellen und um weitere mit der Websitenutzung und der Internetnutzung verbundene Dienstleistungen gegen\u00fcber dem Websitebetreiber zu erbringen. Die im Rahmen von Google Analytics von Ihrem Browser \u00fcbermittelte IP-Adresse wird nicht mit anderen Daten von Google zusammengef\u00fchrt. Sie k\u00f6nnen die Speicherung der Cookies durch eine entsprechende Einstellung Ihrer Browser-Software verhindern; wir weisen Sie jedoch darauf hin, dass Sie in diesem Fall gegebenenfalls nicht s\u00e4mtliche Funktionen dieser Website vollumf\u00e4nglich werden nutzen k\u00f6nnen. Sie k\u00f6nnen dar\u00fcber hinaus die Erfassung der durch das Cookie erzeugten und auf Ihre Nutzung der Website bezogenen Daten (inkl. Ihrer IP-Adresse) an Google sowie die Verarbeitung dieser Daten durch Google verhindern, indem sie das unter dem folgenden Link verf\u00fcgbare Browser-Plugin herunterladen und installieren: <a href=\"http:\/\/tools.google.com\/dlpage\/gaoptout?hl=de\" target=\"_blank\" rel=\"noopener\">http:\/\/tools.google.com\/dlpage\/gaoptout?hl=de<\/a>.<\/p><h2>Datenschutzerkl\u00e4rung f\u00fcr die Nutzung von Twitter<\/h2><p>Auf unseren Seiten sind Funktionen des Dienstes <strong>Twitter<\/strong> eingebunden. Diese Funktionen werden angeboten durch die Twitter Inc., Twitter, Inc. 1355 Market St, Suite 900, San Francisco, CA 94103, USA. Durch das Benutzen von Twitter und der Funktion \u201eRe-Tweet\u201c werden die von Ihnen besuchten Webseiten mit Ihrem Twitter-Account verkn\u00fcpft und anderen Nutzern bekannt gegeben. Dabei werden auch Daten an Twitter \u00fcbertragen.<br \/>Wir weisen darauf hin, dass wir als Anbieter der Seiten keine Kenntnis vom Inhalt der \u00fcbermittelten Daten sowie deren Nutzung durch Twitter erhalten. Weitere Informationen hierzu finden Sie in der Datenschutzerkl\u00e4rung von Twitter unter <a href=\"http:\/\/twitter.com\/privacy\" target=\"_blank\" rel=\"noopener\">http:\/\/twitter.com\/privacy<\/a>.<br \/>Ihre Datenschutzeinstellungen bei Twitter k\u00f6nnen Sie in den Konto-Einstellungen unter <a href=\"http:\/\/twitter.com\/account\/settings\" target=\"_blank\" rel=\"noopener\">http:\/\/twitter.com\/account\/settings<\/a> \u00e4ndern.<\/p><h2>Datenschutzerkl\u00e4rung f\u00fcr die Nutzung von MailChimp<\/h2><p>Wir verwenden zum Versand unseres Newsletters den Listenprovider <strong>MailChimp<\/strong>. MailChimp ist ein Angebot der The Rocket Science Group, LLC, 512 Means Street, Ste 404 Atlanta, GA 30318. Wenn Sie sich f\u00fcr unseren Newsletter registrieren werden die Daten, die Sie bei der Newsletter-Registrierung angeben, an MailChimp \u00fcbertragen und dort gespeichert. MailChimp bietet umfangreiche Analysem\u00f6glichkeiten dar\u00fcber, wie die Newsletter ge\u00f6ffnet und benutzt werden. Diese Analysen sind Gruppenbezogen und werden von uns nicht zur individuellen Auswertung verwendet. MailChimp verwendet dar\u00fcber hinaus das Analysetool Google Analytics und bindet es ggf. in die Newsletter ein. Weitere Details zu Google Analytics finden Sie im Abschnitt \u201cDatenschutzerkl\u00e4rung f\u00fcr die Nutzung von Google Analytics\u201d. Weitere Informationen zu MailChimp und dem Datenschutz bei MailChimp finden Sie hier: <a href=\"http:\/\/mailchimp.com\/legal\/privacy\/\" target=\"_blank\" rel=\"noopener\">http:\/\/mailchimp.com\/legal\/privacy\/<\/a><\/p><h2>Auskunft, L\u00f6schung, Sperrung<\/h2><p>Sie haben jederzeit das Recht auf unentgeltliche Auskunft \u00fcber Ihre gespeicherten personenbezogenen Daten, deren Herkunft und Empf\u00e4nger und den Zweck der Datenverarbeitung sowie ein Recht auf Berichtigung, Sperrung oder L\u00f6schung dieser Daten. Hierzu sowie zu weiteren Fragen zum Thema personenbezogene Daten k\u00f6nnen Sie sich jederzeit \u00fcber die im Impressum angegeben Adresse des Webseitenbetreibers an uns wenden.<\/p>\t\t\t\t\t\t\t\t<\/div>\n\t\t\t\t<\/div>\n\t\t\t\t\t<\/div>\n\t\t\t\t<\/div>\n\t\t\t\t<\/div>\n\t\t","protected":false},"excerpt":{"rendered":"<p>Erkl\u00e4rung Die Nutzung unserer Webseite ist in der Regel ohne Angabe personenbezogener Daten m\u00f6glich. Soweit auf unseren Seiten personenbezogene Daten (beispielsweise im Rahmen einer Bestellung: Name, Anschrift oder eMail-Adressen) erhoben werden, erfolgt dies, soweit m\u00f6glich, stets auf freiwilliger Basis. Diese Daten werden ohne Ihre ausdr\u00fcckliche Zustimmung in keinem Fall z.B. an nicht an\u00a0der Abwicklung Ihrer [&hellip;]<\/p>\n","protected":false},"author":1,"featured_media":0,"parent":0,"menu_order":0,"comment_status":"closed","ping_status":"closed","template":"","meta":{"footnotes":""},"class_list":["post-5934","page","type-page","status-publish","hentry"],"_links":{"self":[{"href":"https:\/\/urban-art-shop.com\/en\/wp-json\/wp\/v2\/pages\/5934","targetHints":{"allow":["GET"]}}],"collection":[{"href":"https:\/\/urban-art-shop.com\/en\/wp-json\/wp\/v2\/pages"}],"about":[{"href":"https:\/\/urban-art-shop.com\/en\/wp-json\/wp\/v2\/types\/page"}],"author":[{"embeddable":true,"href":"https:\/\/urban-art-shop.com\/en\/wp-json\/wp\/v2\/users\/1"}],"replies":[{"embeddable":true,"href":"https:\/\/urban-art-shop.com\/en\/wp-json\/wp\/v2\/comments?post=5934"}],"version-history":[{"count":4,"href":"https:\/\/urban-art-shop.com\/en\/wp-json\/wp\/v2\/pages\/5934\/revisions"}],"predecessor-version":[{"id":5938,"href":"https:\/\/urban-art-shop.com\/en\/wp-json\/wp\/v2\/pages\/5934\/revisions\/5938"}],"wp:attachment":[{"href":"https:\/\/urban-art-shop.com\/en\/wp-json\/wp\/v2\/media?parent=5934"}],"curies":[{"name":"wp","href":"https:\/\/api.w.org\/{rel}","templated":true}]}}