{"id":5544,"date":"2025-07-31T17:32:57","date_gmt":"2025-07-31T15:32:57","guid":{"rendered":"https:\/\/urban-art-shop.com\/?post_type=product&#038;p=5544"},"modified":"2025-09-16T17:17:52","modified_gmt":"2025-09-16T15:17:52","slug":"tin-tin","status":"publish","type":"product","link":"https:\/\/urban-art-shop.com\/en\/product\/nikkes\/tin-tin\/","title":{"rendered":"Tin Tin"},"content":{"rendered":"<p>Die Berliner K\u00fcnstlerin Nikkes ist bekannt daf\u00fcr, Leinw\u00e4nde mit klassischen Comic-Helden kreativ zu \u00fcbermalen und ihnen dadurch eine v\u00f6llig neue Wirkung zu verleihen. Mit ihrem unverwechselbaren Stil verbindet sie Popkultur und zeitgen\u00f6ssische Kunst und schafft so einzigartige, ausdrucksstarke Werke.<\/p>\n","protected":false},"excerpt":{"rendered":"<p>Die Berliner K\u00fcnstlerin Nikkes ist bekannt daf\u00fcr, Leinw\u00e4nde mit klassischen Comic-Helden kreativ zu \u00fcbermalen und ihnen dadurch eine v\u00f6llig neue Wirkung zu verleihen. Mit ihrem unverwechselbaren Stil verbindet sie Popkultur und zeitgen\u00f6ssische Kunst und schafft so einzigartige, ausdrucksstarke Werke.<\/p>\n","protected":false},"featured_media":5519,"template":"","meta":[],"product_brand":[],"product_cat":[195,179,15,183,169,184,189,186,191],"product_tag":[],"product_artist":[57],"class_list":{"0":"post-5544","1":"product","2":"type-product","3":"status-publish","4":"has-post-thumbnail","6":"product_cat-500-1000-euro","7":"product_cat-acryl","8":"product_cat-allgemein","9":"product_cat-holz","10":"product_cat-leinwaende","11":"product_cat-original","12":"product_cat-street-art","13":"product_cat-unikat","14":"product_cat-urban-art","15":"product_shipping_class-klein","16":"pa_technik-comic-style","17":"pa_technik-gerahmt","18":"pa_technik-uebermalte-landschaften-auf-leinwand","19":"product_artist-nikkes","21":"first","22":"instock","23":"sold-individually","24":"taxable","25":"shipping-taxable","26":"purchasable","27":"product-type-simple"},"_links":{"self":[{"href":"https:\/\/urban-art-shop.com\/en\/wp-json\/wp\/v2\/product\/5544","targetHints":{"allow":["GET"]}}],"collection":[{"href":"https:\/\/urban-art-shop.com\/en\/wp-json\/wp\/v2\/product"}],"about":[{"href":"https:\/\/urban-art-shop.com\/en\/wp-json\/wp\/v2\/types\/product"}],"wp:featuredmedia":[{"embeddable":true,"href":"https:\/\/urban-art-shop.com\/en\/wp-json\/wp\/v2\/media\/5519"}],"wp:attachment":[{"href":"https:\/\/urban-art-shop.com\/en\/wp-json\/wp\/v2\/media?parent=5544"}],"wp:term":[{"taxonomy":"product_brand","embeddable":true,"href":"https:\/\/urban-art-shop.com\/en\/wp-json\/wp\/v2\/product_brand?post=5544"},{"taxonomy":"product_cat","embeddable":true,"href":"https:\/\/urban-art-shop.com\/en\/wp-json\/wp\/v2\/product_cat?post=5544"},{"taxonomy":"product_tag","embeddable":true,"href":"https:\/\/urban-art-shop.com\/en\/wp-json\/wp\/v2\/product_tag?post=5544"},{"taxonomy":"product_artist","embeddable":true,"href":"https:\/\/urban-art-shop.com\/en\/wp-json\/wp\/v2\/product_artist?post=5544"}],"curies":[{"name":"wp","href":"https:\/\/api.w.org\/{rel}","templated":true}]}}