{"id":5546,"date":"2025-07-31T17:47:32","date_gmt":"2025-07-31T15:47:32","guid":{"rendered":"https:\/\/urban-art-shop.com\/?post_type=product&#038;p=5546"},"modified":"2025-08-02T13:27:03","modified_gmt":"2025-08-02T11:27:03","slug":"gross","status":"publish","type":"product","link":"https:\/\/urban-art-shop.com\/en\/product\/ortaire-de-coupigny\/gross\/","title":{"rendered":"Gro\u00df"},"content":{"rendered":"<p>Ortaire de Coupigny ist ein franz\u00f6sischer K\u00fcnstler, der f\u00fcr seine experimentellen und oft skulpturalen Arbeiten bekannt ist. Seine Werke zeichnen sich durch die kreative Verbindung von Materialien und Formen aus und bewegen sich an der Schnittstelle zwischen Malerei, Objektkunst und Installation.<\/p>\n","protected":false},"excerpt":{"rendered":"<p>Ortaire de Coupigny ist ein franz\u00f6sischer K\u00fcnstler, der f\u00fcr seine experimentellen und oft skulpturalen Arbeiten bekannt ist. Seine Werke zeichnen sich durch die kreative Verbindung von Materialien und Formen aus und bewegen sich an der Schnittstelle zwischen Malerei, Objektkunst und Installation.<\/p>\n","protected":false},"featured_media":5547,"template":"","meta":[],"product_brand":[],"product_cat":[194,179,15,174,184,186],"product_tag":[],"product_artist":[61],"class_list":{"0":"post-5546","1":"product","2":"type-product","3":"status-publish","4":"has-post-thumbnail","6":"product_cat-100-500-euro","7":"product_cat-acryl","8":"product_cat-allgemein","9":"product_cat-mixed-media","10":"product_cat-original","11":"product_cat-unikat","12":"product_shipping_class-gross","13":"pa_technik-handbemalte-sardinen-in-neuen-dosen","14":"product_artist-ortaire-de-coupigny","16":"first","17":"instock","18":"sold-individually","19":"taxable","20":"shipping-taxable","21":"purchasable","22":"product-type-simple"},"_links":{"self":[{"href":"https:\/\/urban-art-shop.com\/en\/wp-json\/wp\/v2\/product\/5546","targetHints":{"allow":["GET"]}}],"collection":[{"href":"https:\/\/urban-art-shop.com\/en\/wp-json\/wp\/v2\/product"}],"about":[{"href":"https:\/\/urban-art-shop.com\/en\/wp-json\/wp\/v2\/types\/product"}],"wp:featuredmedia":[{"embeddable":true,"href":"https:\/\/urban-art-shop.com\/en\/wp-json\/wp\/v2\/media\/5547"}],"wp:attachment":[{"href":"https:\/\/urban-art-shop.com\/en\/wp-json\/wp\/v2\/media?parent=5546"}],"wp:term":[{"taxonomy":"product_brand","embeddable":true,"href":"https:\/\/urban-art-shop.com\/en\/wp-json\/wp\/v2\/product_brand?post=5546"},{"taxonomy":"product_cat","embeddable":true,"href":"https:\/\/urban-art-shop.com\/en\/wp-json\/wp\/v2\/product_cat?post=5546"},{"taxonomy":"product_tag","embeddable":true,"href":"https:\/\/urban-art-shop.com\/en\/wp-json\/wp\/v2\/product_tag?post=5546"},{"taxonomy":"product_artist","embeddable":true,"href":"https:\/\/urban-art-shop.com\/en\/wp-json\/wp\/v2\/product_artist?post=5546"}],"curies":[{"name":"wp","href":"https:\/\/api.w.org\/{rel}","templated":true}]}}