{"id":5556,"date":"2025-07-31T18:09:57","date_gmt":"2025-07-31T16:09:57","guid":{"rendered":"https:\/\/urban-art-shop.com\/?post_type=product&#038;p=5556"},"modified":"2025-10-10T09:00:14","modified_gmt":"2025-10-10T07:00:14","slug":"untitled-4","status":"publish","type":"product","link":"https:\/\/urban-art-shop.com\/en\/product\/pedro-anacker\/untitled-4\/","title":{"rendered":"Red Dot"},"content":{"rendered":"<p>Pedro Anacker ist ein zeitgen\u00f6ssischer K\u00fcnstler, der sich durch seine experimentellen Ans\u00e4tze und die kreative Verbindung verschiedener Materialien und Techniken auszeichnet. Seine Arbeiten bewegen sich zwischen Malerei, Skulptur und Objektkunst und spiegeln oft einen spielerischen Umgang mit Form und Farbe wider.<\/p>\n","protected":false},"excerpt":{"rendered":"<p>Pedro Anacker ist ein zeitgen\u00f6ssischer K\u00fcnstler, der sich durch seine experimentellen Ans\u00e4tze und die kreative Verbindung verschiedener Materialien und Techniken auszeichnet. Seine Arbeiten bewegen sich zwischen Malerei, Skulptur und Objektkunst und spiegeln oft einen spielerischen Umgang mit Form und Farbe wider.<\/p>\n","protected":false},"featured_media":5521,"template":"","meta":[],"product_brand":[],"product_cat":[196,179,15,192,183,169,184,186],"product_tag":[],"product_artist":[62],"class_list":{"0":"post-5556","1":"product","2":"type-product","3":"status-publish","4":"has-post-thumbnail","6":"product_cat-1000-5000-euro","7":"product_cat-acryl","8":"product_cat-allgemein","9":"product_cat-contemporary-art","10":"product_cat-holz","11":"product_cat-leinwaende","12":"product_cat-original","13":"product_cat-unikat","14":"product_shipping_class-gross","15":"pa_technik-acryl-auf-leinwand","16":"product_artist-pedro-anacker","18":"first","19":"outofstock","20":"sold-individually","21":"taxable","22":"shipping-taxable","23":"purchasable","24":"product-type-simple"},"_links":{"self":[{"href":"https:\/\/urban-art-shop.com\/en\/wp-json\/wp\/v2\/product\/5556","targetHints":{"allow":["GET"]}}],"collection":[{"href":"https:\/\/urban-art-shop.com\/en\/wp-json\/wp\/v2\/product"}],"about":[{"href":"https:\/\/urban-art-shop.com\/en\/wp-json\/wp\/v2\/types\/product"}],"wp:featuredmedia":[{"embeddable":true,"href":"https:\/\/urban-art-shop.com\/en\/wp-json\/wp\/v2\/media\/5521"}],"wp:attachment":[{"href":"https:\/\/urban-art-shop.com\/en\/wp-json\/wp\/v2\/media?parent=5556"}],"wp:term":[{"taxonomy":"product_brand","embeddable":true,"href":"https:\/\/urban-art-shop.com\/en\/wp-json\/wp\/v2\/product_brand?post=5556"},{"taxonomy":"product_cat","embeddable":true,"href":"https:\/\/urban-art-shop.com\/en\/wp-json\/wp\/v2\/product_cat?post=5556"},{"taxonomy":"product_tag","embeddable":true,"href":"https:\/\/urban-art-shop.com\/en\/wp-json\/wp\/v2\/product_tag?post=5556"},{"taxonomy":"product_artist","embeddable":true,"href":"https:\/\/urban-art-shop.com\/en\/wp-json\/wp\/v2\/product_artist?post=5556"}],"curies":[{"name":"wp","href":"https:\/\/api.w.org\/{rel}","templated":true}]}}