{"id":6249,"date":"2025-09-14T15:29:29","date_gmt":"2025-09-14T13:29:29","guid":{"rendered":"https:\/\/urban-art-shop.com\/?post_type=product&#038;p=6249"},"modified":"2025-10-07T14:03:00","modified_gmt":"2025-10-07T12:03:00","slug":"kopie-kopie-kopie-kopie-kopie-kopie","status":"publish","type":"product","link":"https:\/\/urban-art-shop.com\/en\/product\/jan-m-petersen\/kopie-kopie-kopie-kopie-kopie-kopie\/","title":{"rendered":"schlagt die rechten, wo ihr sie trefft"},"content":{"rendered":"<p>Siebdruck &amp; Wachs auf Holz, 18 x 13 x 3 cm Edition 1 von 12<\/p>\n<p>jan m. petersen wurde am 16.03.69 in bad vilbel\u2028 \u00a0geboren, 12.07.77 besitz des ersten eigenen werkzeugkastens 04.12.80 beschluss zur punkwerdung, mitgliedschaft im BdP 09.02.95 nepalreise, zweite atelierwohnung 08.08.96 dipl.ing. architektur\u2028 03.04.99 indien auf dem motorrad, architekturmodellbau 23.05.00 er\u00f6ffnung der freiluftgalerie boxhagener platz 08.03.01 er\u00f6ffnung der ateliergalerie &#8220;haarkunst 15&#8221; mit freunden\u2028, arbeiten im \u00f6ffentlichen raum (beschriftungen) 07.07.02 geburt des sohnes fin juri 07.02.03 auftragsarbeiten in h\u00fclle und f\u00fclle\u2028 10.05.04 das institut f\u00fcr bild- und materialforschung\u2028 bekommt einen festen sitz in pfaffendorf \/ brandenburg 08.08.08 die idee kunstkaufhaus &#8211; ost erf\u00e4hrt internationale beachtung 03.02.11 bauarbeiten an den ausstellungshallen in pfaffendorf gewinnen an form 06.07.12 bucherscheinung &#8220;13 jahre arbeiten&#8221; , verlag des instituts f\u00fcr bild- und materialforschung<\/p>\n","protected":false},"excerpt":{"rendered":"<p>Siebdruck &amp; Wachs auf Holz, 18 x 13 x 3 cm Edition 1 von 12 jan m. petersen wurde am 16.03.69 in bad vilbel\u2028 \u00a0geboren, 12.07.77 besitz des ersten eigenen werkzeugkastens 04.12.80 beschluss zur punkwerdung, mitgliedschaft im BdP 09.02.95 nepalreise, zweite atelierwohnung 08.08.96 dipl.ing. architektur\u2028 03.04.99 indien auf dem motorrad, architekturmodellbau 23.05.00 er\u00f6ffnung der freiluftgalerie [&hellip;]<\/p>\n","protected":false},"featured_media":6476,"template":"","meta":[],"product_brand":[],"product_cat":[15,192,172,183,162,177,164,174,185,193],"product_tag":[],"product_artist":[295],"class_list":{"0":"post-6249","1":"product","2":"type-product","3":"status-publish","4":"has-post-thumbnail","6":"product_cat-allgemein","7":"product_cat-contemporary-art","8":"product_cat-drucke","9":"product_cat-holz","10":"product_cat-kunstwerke","11":"product_cat-limtierte-editionen","12":"product_cat-medien","13":"product_cat-mixed-media","14":"product_cat-siebdruck","15":"product_cat-unter-100-euro","16":"product_shipping_class-klein","17":"product_artist-jan-m-petersen","19":"first","20":"outofstock","21":"taxable","22":"shipping-taxable","23":"purchasable","24":"product-type-simple"},"_links":{"self":[{"href":"https:\/\/urban-art-shop.com\/en\/wp-json\/wp\/v2\/product\/6249","targetHints":{"allow":["GET"]}}],"collection":[{"href":"https:\/\/urban-art-shop.com\/en\/wp-json\/wp\/v2\/product"}],"about":[{"href":"https:\/\/urban-art-shop.com\/en\/wp-json\/wp\/v2\/types\/product"}],"wp:featuredmedia":[{"embeddable":true,"href":"https:\/\/urban-art-shop.com\/en\/wp-json\/wp\/v2\/media\/6476"}],"wp:attachment":[{"href":"https:\/\/urban-art-shop.com\/en\/wp-json\/wp\/v2\/media?parent=6249"}],"wp:term":[{"taxonomy":"product_brand","embeddable":true,"href":"https:\/\/urban-art-shop.com\/en\/wp-json\/wp\/v2\/product_brand?post=6249"},{"taxonomy":"product_cat","embeddable":true,"href":"https:\/\/urban-art-shop.com\/en\/wp-json\/wp\/v2\/product_cat?post=6249"},{"taxonomy":"product_tag","embeddable":true,"href":"https:\/\/urban-art-shop.com\/en\/wp-json\/wp\/v2\/product_tag?post=6249"},{"taxonomy":"product_artist","embeddable":true,"href":"https:\/\/urban-art-shop.com\/en\/wp-json\/wp\/v2\/product_artist?post=6249"}],"curies":[{"name":"wp","href":"https:\/\/api.w.org\/{rel}","templated":true}]}}