{"id":6407,"date":"2025-09-16T18:15:37","date_gmt":"2025-09-16T16:15:37","guid":{"rendered":"https:\/\/urban-art-shop.com\/?post_type=product&#038;p=6407"},"modified":"2025-10-02T05:37:21","modified_gmt":"2025-10-02T03:37:21","slug":"safety-matches-let-it-burn","status":"publish","type":"product","link":"https:\/\/urban-art-shop.com\/en\/product\/kaepten-nobbi\/safety-matches-let-it-burn\/","title":{"rendered":"Safety Matches: Let it Burn"},"content":{"rendered":"<p>Getreu meinem Motto \u201eNicht wegschmei\u00dfen, da kann man noch was mit machen\u201c erbeute ich meine Materialien auf Werkstoffh\u00f6fen, aus Baustellencontainer oder vom Sperrm\u00fcll. Aber auch Alltagsgegenst\u00e4nde, so wie die Milcht\u00fcten, verwende ich gerne und hauche ihnen wieder neues \u201eLeben\u201c ein. Jedes Bild oder Skulptur ist ein Unikat, da beispielsweise jedes Holzbrett eine eigene Geschichte hat.Die Farb und Formgebung meiner Fundst\u00fccke sehe ich als Startpunkt f\u00fcr meine Werke. Als gelernter Licht- und Reklamehersteller finde ich es spannend, Bilder zu schaffen, die neben ihrem \u00e4sthetischen Dasein einen weiteren Nutzen mit sich bringen und z.B. als Lampe fungieren. Meine Werke nehmen sich selbst nicht immer ernst.<\/p>\n<p>Skulptur aus Holz: \u00a088 x 45 x 15 cm<\/p>\n","protected":false},"excerpt":{"rendered":"<p>Getreu meinem Motto \u201eNicht wegschmei\u00dfen, da kann man noch was mit machen\u201c erbeute ich meine Materialien auf Werkstoffh\u00f6fen, aus Baustellencontainer oder vom Sperrm\u00fcll. Aber auch Alltagsgegenst\u00e4nde, so wie die Milcht\u00fcten, verwende ich gerne und hauche ihnen wieder neues \u201eLeben\u201c ein. Jedes Bild oder Skulptur ist ein Unikat, da beispielsweise jedes Holzbrett eine eigene Geschichte hat.Die [&hellip;]<\/p>\n","protected":false},"featured_media":6408,"template":"","meta":[],"product_brand":[],"product_cat":[196,15,192,183,164,184,166,170,189,186,191],"product_tag":[],"product_artist":[54],"class_list":{"0":"post-6407","1":"product","2":"type-product","3":"status-publish","4":"has-post-thumbnail","6":"product_cat-1000-5000-euro","7":"product_cat-allgemein","8":"product_cat-contemporary-art","9":"product_cat-holz","10":"product_cat-medien","11":"product_cat-original","12":"product_cat-preiskategorien","13":"product_cat-skulpturen","14":"product_cat-street-art","15":"product_cat-unikat","16":"product_cat-urban-art","17":"product_shipping_class-extra-gross","18":"product_artist-kaepten-nobbi","20":"first","21":"outofstock","22":"taxable","23":"shipping-taxable","24":"purchasable","25":"product-type-simple"},"_links":{"self":[{"href":"https:\/\/urban-art-shop.com\/en\/wp-json\/wp\/v2\/product\/6407","targetHints":{"allow":["GET"]}}],"collection":[{"href":"https:\/\/urban-art-shop.com\/en\/wp-json\/wp\/v2\/product"}],"about":[{"href":"https:\/\/urban-art-shop.com\/en\/wp-json\/wp\/v2\/types\/product"}],"wp:featuredmedia":[{"embeddable":true,"href":"https:\/\/urban-art-shop.com\/en\/wp-json\/wp\/v2\/media\/6408"}],"wp:attachment":[{"href":"https:\/\/urban-art-shop.com\/en\/wp-json\/wp\/v2\/media?parent=6407"}],"wp:term":[{"taxonomy":"product_brand","embeddable":true,"href":"https:\/\/urban-art-shop.com\/en\/wp-json\/wp\/v2\/product_brand?post=6407"},{"taxonomy":"product_cat","embeddable":true,"href":"https:\/\/urban-art-shop.com\/en\/wp-json\/wp\/v2\/product_cat?post=6407"},{"taxonomy":"product_tag","embeddable":true,"href":"https:\/\/urban-art-shop.com\/en\/wp-json\/wp\/v2\/product_tag?post=6407"},{"taxonomy":"product_artist","embeddable":true,"href":"https:\/\/urban-art-shop.com\/en\/wp-json\/wp\/v2\/product_artist?post=6407"}],"curies":[{"name":"wp","href":"https:\/\/api.w.org\/{rel}","templated":true}]}}