{"id":6464,"date":"2025-09-19T14:21:52","date_gmt":"2025-09-19T12:21:52","guid":{"rendered":"https:\/\/urban-art-shop.com\/?post_type=product&#038;p=6464"},"modified":"2025-09-29T18:25:34","modified_gmt":"2025-09-29T16:25:34","slug":"freddie-mercury","status":"publish","type":"product","link":"https:\/\/urban-art-shop.com\/en\/product\/marina-krohs\/freddie-mercury\/","title":{"rendered":"Freddie Mercury"},"content":{"rendered":"<p>Skulptur aus Ton, Draht und Acryl, H\u00f6he 38 cm, Sockel 15 cm breit<\/p>\n<p>Ihr handwerkliches K\u00f6nnen erlernte sie bei Christoph Hansing, einem Sch\u00fcler des renommierten Bildhauers Bontjes van Beek.<br \/>\nDer K\u00fcnstlerin gelingt es in ihren Plastiken aus Ton, die charakteristischen Details herauszuarbeiten, die einen Menschen so unverwechselbar machen und uns in ihrer \u00dcbertreibung zum Schmunzeln bringen: hochaufgeschossene und d\u00fcrre Skulpturen, mit \u00fcberdimensional wirkenden H\u00e4nden und F\u00fc\u00dfen. Die Gesichtsausdr\u00fccke sind ein wahrhaftiges Meisterwerk, das jede*n Betrachtende*n unweigerlich zum Schmunzeln bringt. Jede Skulptur, geformt aus Ton mit Aquarellfarben und Gouache kunstvoll bemalt, erz\u00e4hlt ihre<br \/>\neigene, schr\u00e4ge Geschichte Marina Krohs: \u201eIch gebe zu, die Idee ist nicht neu, aus einem Klumpen Lehm Menschen zu formen und ihnen Leben einzuhauchen.<\/p>\n","protected":false},"excerpt":{"rendered":"<p>Skulptur aus Ton, Draht und Acryl, H\u00f6he 38 cm, Sockel 15 cm breit Ihr handwerkliches K\u00f6nnen erlernte sie bei Christoph Hansing, einem Sch\u00fcler des renommierten Bildhauers Bontjes van Beek. Der K\u00fcnstlerin gelingt es in ihren Plastiken aus Ton, die charakteristischen Details herauszuarbeiten, die einen Menschen so unverwechselbar machen und uns in ihrer \u00dcbertreibung zum Schmunzeln [&hellip;]<\/p>\n","protected":false},"featured_media":6417,"template":"","meta":[],"product_brand":[],"product_cat":[196,179,15,192,162,164,184,166,170,165,316,186],"product_tag":[],"product_artist":[317],"class_list":{"0":"post-6464","1":"product","2":"type-product","3":"status-publish","4":"has-post-thumbnail","6":"product_cat-1000-5000-euro","7":"product_cat-acryl","8":"product_cat-allgemein","9":"product_cat-contemporary-art","10":"product_cat-kunstwerke","11":"product_cat-medien","12":"product_cat-original","13":"product_cat-preiskategorien","14":"product_cat-skulpturen","15":"product_cat-themen","16":"product_cat-ton","17":"product_cat-unikat","18":"product_shipping_class-gross","19":"product_artist-marina-krohs","21":"first","22":"instock","23":"taxable","24":"shipping-taxable","25":"purchasable","26":"product-type-simple"},"_links":{"self":[{"href":"https:\/\/urban-art-shop.com\/en\/wp-json\/wp\/v2\/product\/6464","targetHints":{"allow":["GET"]}}],"collection":[{"href":"https:\/\/urban-art-shop.com\/en\/wp-json\/wp\/v2\/product"}],"about":[{"href":"https:\/\/urban-art-shop.com\/en\/wp-json\/wp\/v2\/types\/product"}],"wp:featuredmedia":[{"embeddable":true,"href":"https:\/\/urban-art-shop.com\/en\/wp-json\/wp\/v2\/media\/6417"}],"wp:attachment":[{"href":"https:\/\/urban-art-shop.com\/en\/wp-json\/wp\/v2\/media?parent=6464"}],"wp:term":[{"taxonomy":"product_brand","embeddable":true,"href":"https:\/\/urban-art-shop.com\/en\/wp-json\/wp\/v2\/product_brand?post=6464"},{"taxonomy":"product_cat","embeddable":true,"href":"https:\/\/urban-art-shop.com\/en\/wp-json\/wp\/v2\/product_cat?post=6464"},{"taxonomy":"product_tag","embeddable":true,"href":"https:\/\/urban-art-shop.com\/en\/wp-json\/wp\/v2\/product_tag?post=6464"},{"taxonomy":"product_artist","embeddable":true,"href":"https:\/\/urban-art-shop.com\/en\/wp-json\/wp\/v2\/product_artist?post=6464"}],"curies":[{"name":"wp","href":"https:\/\/api.w.org\/{rel}","templated":true}]}}