{"id":987,"date":"2021-07-31T09:13:45","date_gmt":"2021-07-31T07:13:45","guid":{"rendered":"https:\/\/gesso.qodeinteractive.com\/?post_type=product&#038;p=987"},"modified":"2025-09-16T18:19:10","modified_gmt":"2025-09-16T16:19:10","slug":"anker-affe","status":"publish","type":"product","link":"https:\/\/urban-art-shop.com\/en\/product\/kaepten-nobbi\/anker-affe\/","title":{"rendered":"Affe mit Kpt. M\u00fctze"},"content":{"rendered":"<p>K\u00e4pten Nobbi, alias Paul Sous, macht aus Weggeworfenem Kunst mit Pers\u00f6nlichkeit \u2013 oft begleitet vom Schimpansen als Markenzeichen. Alltagsgegenst\u00e4nde und Holz mit Geschichte werden in seinen H\u00e4nden zu einzigartigen Skulpturen und Bildern. So zeigt er, wie fantasievolles Recycling aus Altem individuelle Unikate entstehen l\u00e4sst.<\/p>\n","protected":false},"excerpt":{"rendered":"<p>K\u00e4pten Nobbi, alias Paul Sous, macht aus Weggeworfenem Kunst mit Pers\u00f6nlichkeit \u2013 oft begleitet vom Schimpansen als Markenzeichen. Alltagsgegenst\u00e4nde und Holz mit Geschichte werden in seinen H\u00e4nden zu einzigartigen Skulpturen und Bildern. So zeigt er, wie fantasievolles Recycling aus Altem individuelle Unikate entstehen l\u00e4sst.<\/p>\n","protected":false},"featured_media":5512,"template":"","meta":[],"product_brand":[],"product_cat":[195,15,183,174,184,181,189,191],"product_tag":[],"product_artist":[54],"class_list":{"0":"post-987","1":"product","2":"type-product","3":"status-publish","4":"has-post-thumbnail","6":"product_cat-500-1000-euro","7":"product_cat-allgemein","8":"product_cat-holz","9":"product_cat-mixed-media","10":"product_cat-original","11":"product_cat-spruehdose","12":"product_cat-street-art","13":"product_cat-urban-art","14":"product_shipping_class-gross","15":"pa_technik-spruehlack-auf-holz","16":"product_artist-kaepten-nobbi","18":"first","19":"instock","20":"sold-individually","21":"taxable","22":"shipping-taxable","23":"purchasable","24":"product-type-simple"},"_links":{"self":[{"href":"https:\/\/urban-art-shop.com\/en\/wp-json\/wp\/v2\/product\/987","targetHints":{"allow":["GET"]}}],"collection":[{"href":"https:\/\/urban-art-shop.com\/en\/wp-json\/wp\/v2\/product"}],"about":[{"href":"https:\/\/urban-art-shop.com\/en\/wp-json\/wp\/v2\/types\/product"}],"wp:featuredmedia":[{"embeddable":true,"href":"https:\/\/urban-art-shop.com\/en\/wp-json\/wp\/v2\/media\/5512"}],"wp:attachment":[{"href":"https:\/\/urban-art-shop.com\/en\/wp-json\/wp\/v2\/media?parent=987"}],"wp:term":[{"taxonomy":"product_brand","embeddable":true,"href":"https:\/\/urban-art-shop.com\/en\/wp-json\/wp\/v2\/product_brand?post=987"},{"taxonomy":"product_cat","embeddable":true,"href":"https:\/\/urban-art-shop.com\/en\/wp-json\/wp\/v2\/product_cat?post=987"},{"taxonomy":"product_tag","embeddable":true,"href":"https:\/\/urban-art-shop.com\/en\/wp-json\/wp\/v2\/product_tag?post=987"},{"taxonomy":"product_artist","embeddable":true,"href":"https:\/\/urban-art-shop.com\/en\/wp-json\/wp\/v2\/product_artist?post=987"}],"curies":[{"name":"wp","href":"https:\/\/api.w.org\/{rel}","templated":true}]}}