{"id":988,"date":"2021-09-03T09:14:19","date_gmt":"2021-09-03T09:14:19","guid":{"rendered":"https:\/\/gesso.qodeinteractive.com\/?post_type=product&#038;p=988"},"modified":"2025-09-16T17:20:43","modified_gmt":"2025-09-16T15:20:43","slug":"zander","status":"publish","type":"product","link":"https:\/\/urban-art-shop.com\/en\/product\/rolf-boscheinen\/zander\/","title":{"rendered":"Zander"},"content":{"rendered":"<p>Der Hamburger K\u00fcnstler Rolf Boscheinen malt vorwiegend Fische. Auf Treibholz aus der Elbe. Oder aus der Alster, oder von ganz woanders wie z.B. aus Venedig, La Rochelle in Frankreich oder von der d\u00e4nischen Nordseek\u00fcste. Meistens aber ist es Holz aus der Elbe. Hier kennt er seine ergiebigen Ufer, die er gezielt oder bei Spazierg\u00e4ngen aufsucht.<\/p>\n","protected":false},"excerpt":{"rendered":"<p>Der Hamburger K\u00fcnstler Rolf Boscheinen malt vorwiegend Fische. Auf Treibholz aus der Elbe. Oder aus der Alster, oder von ganz woanders wie z.B. aus Venedig, La Rochelle in Frankreich oder von der d\u00e4nischen Nordseek\u00fcste. Meistens aber ist es Holz aus der Elbe. Hier kennt er seine ergiebigen Ufer, die er gezielt oder bei Spazierg\u00e4ngen aufsucht.<\/p>\n","protected":false},"featured_media":5506,"template":"","meta":[],"product_brand":[],"product_cat":[194,179,15,183,169,184,186],"product_tag":[],"product_artist":[53],"class_list":{"0":"post-988","1":"product","2":"type-product","3":"status-publish","4":"has-post-thumbnail","6":"product_cat-100-500-euro","7":"product_cat-acryl","8":"product_cat-allgemein","9":"product_cat-holz","10":"product_cat-leinwaende","11":"product_cat-original","12":"product_cat-unikat","13":"product_shipping_class-gross","14":"pa_jahr-198","15":"pa_technik-acryl-auf-leinwand","16":"product_artist-rolf-boscheinen","18":"first","19":"instock","20":"sold-individually","21":"taxable","22":"shipping-taxable","23":"purchasable","24":"product-type-simple"},"_links":{"self":[{"href":"https:\/\/urban-art-shop.com\/en\/wp-json\/wp\/v2\/product\/988","targetHints":{"allow":["GET"]}}],"collection":[{"href":"https:\/\/urban-art-shop.com\/en\/wp-json\/wp\/v2\/product"}],"about":[{"href":"https:\/\/urban-art-shop.com\/en\/wp-json\/wp\/v2\/types\/product"}],"wp:featuredmedia":[{"embeddable":true,"href":"https:\/\/urban-art-shop.com\/en\/wp-json\/wp\/v2\/media\/5506"}],"wp:attachment":[{"href":"https:\/\/urban-art-shop.com\/en\/wp-json\/wp\/v2\/media?parent=988"}],"wp:term":[{"taxonomy":"product_brand","embeddable":true,"href":"https:\/\/urban-art-shop.com\/en\/wp-json\/wp\/v2\/product_brand?post=988"},{"taxonomy":"product_cat","embeddable":true,"href":"https:\/\/urban-art-shop.com\/en\/wp-json\/wp\/v2\/product_cat?post=988"},{"taxonomy":"product_tag","embeddable":true,"href":"https:\/\/urban-art-shop.com\/en\/wp-json\/wp\/v2\/product_tag?post=988"},{"taxonomy":"product_artist","embeddable":true,"href":"https:\/\/urban-art-shop.com\/en\/wp-json\/wp\/v2\/product_artist?post=988"}],"curies":[{"name":"wp","href":"https:\/\/api.w.org\/{rel}","templated":true}]}}